{"id":832,"date":"2021-02-10T13:28:22","date_gmt":"2021-02-10T13:28:22","guid":{"rendered":"https:\/\/aubergegaspe.com\/lodging\/chalets-avec-service\/chanterelle\/"},"modified":"2025-03-31T20:00:29","modified_gmt":"2025-03-31T20:00:29","slug":"chanterelle","status":"publish","type":"page","link":"https:\/\/www.aubergegaspe.com\/en\/lodging\/cabins-with-service\/chanterelle\/","title":{"rendered":"Chanterelle #1"},"content":{"rendered":"","protected":false},"excerpt":{"rendered":"","protected":false},"author":1,"featured_media":1668,"parent":831,"menu_order":0,"comment_status":"closed","ping_status":"closed","template":"single-emplacement.php","meta":{"inline_featured_image":false,"footnotes":""},"class_list":["post-832","page","type-page","status-publish","has-post-thumbnail","hentry"],"acf":[],"yoast_head":"<!-- This site is optimized with the Yoast SEO plugin v27.3 - https:\/\/yoast.com\/product\/yoast-seo-wordpress\/ -->\n<title>Forillon Park Cabin | Les Chanterelles #1 | Auberge Griffon Aventure<\/title>\n<meta name=\"description\" content=\"Experience nature at Chanterelle #1! A fully equipped chalet with a sauna, kitchen, and bathroom, just minutes from Forillon Park. Pet-friendly. Reserve!\" \/>\n<meta name=\"robots\" content=\"index, follow, max-snippet:-1, max-image-preview:large, max-video-preview:-1\" \/>\n<link rel=\"canonical\" href=\"https:\/\/www.aubergegaspe.com\/en\/lodging\/cabins-with-service\/chanterelle\/\" \/>\n<meta property=\"og:locale\" content=\"en_US\" \/>\n<meta property=\"og:type\" content=\"article\" \/>\n<meta property=\"og:title\" content=\"Forillon Park Cabin | Les Chanterelles #1 | Auberge Griffon Aventure\" \/>\n<meta property=\"og:description\" content=\"Experience nature at Chanterelle #1! A fully equipped chalet with a sauna, kitchen, and bathroom, just minutes from Forillon Park. Pet-friendly. Reserve!\" \/>\n<meta property=\"og:url\" content=\"https:\/\/www.aubergegaspe.com\/en\/lodging\/cabins-with-service\/chanterelle\/\" \/>\n<meta property=\"og:site_name\" content=\"Auberge Griffon Aventure\" \/>\n<meta property=\"article:publisher\" content=\"https:\/\/www.facebook.com\/griffonaventure\" \/>\n<meta property=\"article:modified_time\" content=\"2025-03-31T20:00:29+00:00\" \/>\n<meta property=\"og:image\" content=\"https:\/\/www.aubergegaspe.com\/wp-content\/uploads\/2023\/12\/chanterelle1.jpg\" \/>\n\t<meta property=\"og:image:width\" content=\"768\" \/>\n\t<meta property=\"og:image:height\" content=\"768\" \/>\n\t<meta property=\"og:image:type\" content=\"image\/jpeg\" \/>\n<meta name=\"twitter:card\" content=\"summary_large_image\" \/>\n<meta name=\"twitter:label1\" content=\"Est. reading time\" \/>\n\t<meta name=\"twitter:data1\" content=\"1 minute\" \/>\n<script type=\"application\/ld+json\" class=\"yoast-schema-graph\">{\"@context\":\"https:\\\/\\\/schema.org\",\"@graph\":[{\"@type\":\"WebPage\",\"@id\":\"https:\\\/\\\/www.aubergegaspe.com\\\/en\\\/lodging\\\/cabins-with-service\\\/chanterelle\\\/\",\"url\":\"https:\\\/\\\/www.aubergegaspe.com\\\/en\\\/lodging\\\/cabins-with-service\\\/chanterelle\\\/\",\"name\":\"Forillon Park Cabin | Les Chanterelles #1 | Auberge Griffon Aventure\",\"isPartOf\":{\"@id\":\"https:\\\/\\\/www.aubergegaspe.com\\\/#website\"},\"primaryImageOfPage\":{\"@id\":\"https:\\\/\\\/www.aubergegaspe.com\\\/en\\\/lodging\\\/cabins-with-service\\\/chanterelle\\\/#primaryimage\"},\"image\":{\"@id\":\"https:\\\/\\\/www.aubergegaspe.com\\\/en\\\/lodging\\\/cabins-with-service\\\/chanterelle\\\/#primaryimage\"},\"thumbnailUrl\":\"https:\\\/\\\/www.aubergegaspe.com\\\/wp-content\\\/uploads\\\/2023\\\/12\\\/chanterelle1.jpg\",\"datePublished\":\"2021-02-10T13:28:22+00:00\",\"dateModified\":\"2025-03-31T20:00:29+00:00\",\"description\":\"Experience nature at Chanterelle #1! A fully equipped chalet with a sauna, kitchen, and bathroom, just minutes from Forillon Park. Pet-friendly. Reserve!\",\"breadcrumb\":{\"@id\":\"https:\\\/\\\/www.aubergegaspe.com\\\/en\\\/lodging\\\/cabins-with-service\\\/chanterelle\\\/#breadcrumb\"},\"inLanguage\":\"en-US\",\"potentialAction\":[{\"@type\":\"ReadAction\",\"target\":[\"https:\\\/\\\/www.aubergegaspe.com\\\/en\\\/lodging\\\/cabins-with-service\\\/chanterelle\\\/\"]}]},{\"@type\":\"ImageObject\",\"inLanguage\":\"en-US\",\"@id\":\"https:\\\/\\\/www.aubergegaspe.com\\\/en\\\/lodging\\\/cabins-with-service\\\/chanterelle\\\/#primaryimage\",\"url\":\"https:\\\/\\\/www.aubergegaspe.com\\\/wp-content\\\/uploads\\\/2023\\\/12\\\/chanterelle1.jpg\",\"contentUrl\":\"https:\\\/\\\/www.aubergegaspe.com\\\/wp-content\\\/uploads\\\/2023\\\/12\\\/chanterelle1.jpg\",\"width\":768,\"height\":768,\"caption\":\"Nich\u00e9e au c\u0153ur d\u2019un cadre verdoyant, cette maison offre une atmosph\u00e8re paisible et ressour\u00e7ante, parfaite pour une \u00e9vasion en toute simplicit\u00e9.\"},{\"@type\":\"BreadcrumbList\",\"@id\":\"https:\\\/\\\/www.aubergegaspe.com\\\/en\\\/lodging\\\/cabins-with-service\\\/chanterelle\\\/#breadcrumb\",\"itemListElement\":[{\"@type\":\"ListItem\",\"position\":1,\"name\":\"Accueil\",\"item\":\"https:\\\/\\\/www.aubergegaspe.com\\\/en\\\/\"},{\"@type\":\"ListItem\",\"position\":2,\"name\":\"Lodging\",\"item\":\"https:\\\/\\\/www.aubergegaspe.com\\\/en\\\/lodging\\\/\"},{\"@type\":\"ListItem\",\"position\":3,\"name\":\"Les chanterelles de Forillon\",\"item\":\"https:\\\/\\\/www.aubergegaspe.com\\\/en\\\/lodging\\\/cabins-with-service\\\/\"},{\"@type\":\"ListItem\",\"position\":4,\"name\":\"Chanterelle #1\"}]},{\"@type\":\"WebSite\",\"@id\":\"https:\\\/\\\/www.aubergegaspe.com\\\/#website\",\"url\":\"https:\\\/\\\/www.aubergegaspe.com\\\/\",\"name\":\"Auberge Griffon Aventure\",\"description\":\"H\u00e9bergement et activit\u00e9s de plein air\",\"publisher\":{\"@id\":\"https:\\\/\\\/www.aubergegaspe.com\\\/#organization\"},\"potentialAction\":[{\"@type\":\"SearchAction\",\"target\":{\"@type\":\"EntryPoint\",\"urlTemplate\":\"https:\\\/\\\/www.aubergegaspe.com\\\/?s={search_term_string}\"},\"query-input\":{\"@type\":\"PropertyValueSpecification\",\"valueRequired\":true,\"valueName\":\"search_term_string\"}}],\"inLanguage\":\"en-US\"},{\"@type\":\"Organization\",\"@id\":\"https:\\\/\\\/www.aubergegaspe.com\\\/#organization\",\"name\":\"Auberge Griffon Aventure\",\"url\":\"https:\\\/\\\/www.aubergegaspe.com\\\/\",\"logo\":{\"@type\":\"ImageObject\",\"inLanguage\":\"en-US\",\"@id\":\"https:\\\/\\\/www.aubergegaspe.com\\\/#\\\/schema\\\/logo\\\/image\\\/\",\"url\":\"https:\\\/\\\/www.aubergegaspe.com\\\/wp-content\\\/uploads\\\/2023\\\/10\\\/cropped-logo-1.png\",\"contentUrl\":\"https:\\\/\\\/www.aubergegaspe.com\\\/wp-content\\\/uploads\\\/2023\\\/10\\\/cropped-logo-1.png\",\"width\":190,\"height\":190,\"caption\":\"Auberge Griffon Aventure\"},\"image\":{\"@id\":\"https:\\\/\\\/www.aubergegaspe.com\\\/#\\\/schema\\\/logo\\\/image\\\/\"},\"sameAs\":[\"https:\\\/\\\/www.facebook.com\\\/griffonaventure\",\"https:\\\/\\\/www.instagram.com\\\/griffonaventure\"]}]}<\/script>\n<!-- \/ Yoast SEO plugin. -->","yoast_head_json":{"title":"Forillon Park Cabin | Les Chanterelles #1 | Auberge Griffon Aventure","description":"Experience nature at Chanterelle #1! A fully equipped chalet with a sauna, kitchen, and bathroom, just minutes from Forillon Park. Pet-friendly. Reserve!","robots":{"index":"index","follow":"follow","max-snippet":"max-snippet:-1","max-image-preview":"max-image-preview:large","max-video-preview":"max-video-preview:-1"},"canonical":"https:\/\/www.aubergegaspe.com\/en\/lodging\/cabins-with-service\/chanterelle\/","og_locale":"en_US","og_type":"article","og_title":"Forillon Park Cabin | Les Chanterelles #1 | Auberge Griffon Aventure","og_description":"Experience nature at Chanterelle #1! A fully equipped chalet with a sauna, kitchen, and bathroom, just minutes from Forillon Park. Pet-friendly. Reserve!","og_url":"https:\/\/www.aubergegaspe.com\/en\/lodging\/cabins-with-service\/chanterelle\/","og_site_name":"Auberge Griffon Aventure","article_publisher":"https:\/\/www.facebook.com\/griffonaventure","article_modified_time":"2025-03-31T20:00:29+00:00","og_image":[{"width":768,"height":768,"url":"https:\/\/www.aubergegaspe.com\/wp-content\/uploads\/2023\/12\/chanterelle1.jpg","type":"image\/jpeg"}],"twitter_card":"summary_large_image","twitter_misc":{"Est. reading time":"1 minute"},"schema":{"@context":"https:\/\/schema.org","@graph":[{"@type":"WebPage","@id":"https:\/\/www.aubergegaspe.com\/en\/lodging\/cabins-with-service\/chanterelle\/","url":"https:\/\/www.aubergegaspe.com\/en\/lodging\/cabins-with-service\/chanterelle\/","name":"Forillon Park Cabin | Les Chanterelles #1 | Auberge Griffon Aventure","isPartOf":{"@id":"https:\/\/www.aubergegaspe.com\/#website"},"primaryImageOfPage":{"@id":"https:\/\/www.aubergegaspe.com\/en\/lodging\/cabins-with-service\/chanterelle\/#primaryimage"},"image":{"@id":"https:\/\/www.aubergegaspe.com\/en\/lodging\/cabins-with-service\/chanterelle\/#primaryimage"},"thumbnailUrl":"https:\/\/www.aubergegaspe.com\/wp-content\/uploads\/2023\/12\/chanterelle1.jpg","datePublished":"2021-02-10T13:28:22+00:00","dateModified":"2025-03-31T20:00:29+00:00","description":"Experience nature at Chanterelle #1! A fully equipped chalet with a sauna, kitchen, and bathroom, just minutes from Forillon Park. Pet-friendly. Reserve!","breadcrumb":{"@id":"https:\/\/www.aubergegaspe.com\/en\/lodging\/cabins-with-service\/chanterelle\/#breadcrumb"},"inLanguage":"en-US","potentialAction":[{"@type":"ReadAction","target":["https:\/\/www.aubergegaspe.com\/en\/lodging\/cabins-with-service\/chanterelle\/"]}]},{"@type":"ImageObject","inLanguage":"en-US","@id":"https:\/\/www.aubergegaspe.com\/en\/lodging\/cabins-with-service\/chanterelle\/#primaryimage","url":"https:\/\/www.aubergegaspe.com\/wp-content\/uploads\/2023\/12\/chanterelle1.jpg","contentUrl":"https:\/\/www.aubergegaspe.com\/wp-content\/uploads\/2023\/12\/chanterelle1.jpg","width":768,"height":768,"caption":"Nich\u00e9e au c\u0153ur d\u2019un cadre verdoyant, cette maison offre une atmosph\u00e8re paisible et ressour\u00e7ante, parfaite pour une \u00e9vasion en toute simplicit\u00e9."},{"@type":"BreadcrumbList","@id":"https:\/\/www.aubergegaspe.com\/en\/lodging\/cabins-with-service\/chanterelle\/#breadcrumb","itemListElement":[{"@type":"ListItem","position":1,"name":"Accueil","item":"https:\/\/www.aubergegaspe.com\/en\/"},{"@type":"ListItem","position":2,"name":"Lodging","item":"https:\/\/www.aubergegaspe.com\/en\/lodging\/"},{"@type":"ListItem","position":3,"name":"Les chanterelles de Forillon","item":"https:\/\/www.aubergegaspe.com\/en\/lodging\/cabins-with-service\/"},{"@type":"ListItem","position":4,"name":"Chanterelle #1"}]},{"@type":"WebSite","@id":"https:\/\/www.aubergegaspe.com\/#website","url":"https:\/\/www.aubergegaspe.com\/","name":"Auberge Griffon Aventure","description":"H\u00e9bergement et activit\u00e9s de plein air","publisher":{"@id":"https:\/\/www.aubergegaspe.com\/#organization"},"potentialAction":[{"@type":"SearchAction","target":{"@type":"EntryPoint","urlTemplate":"https:\/\/www.aubergegaspe.com\/?s={search_term_string}"},"query-input":{"@type":"PropertyValueSpecification","valueRequired":true,"valueName":"search_term_string"}}],"inLanguage":"en-US"},{"@type":"Organization","@id":"https:\/\/www.aubergegaspe.com\/#organization","name":"Auberge Griffon Aventure","url":"https:\/\/www.aubergegaspe.com\/","logo":{"@type":"ImageObject","inLanguage":"en-US","@id":"https:\/\/www.aubergegaspe.com\/#\/schema\/logo\/image\/","url":"https:\/\/www.aubergegaspe.com\/wp-content\/uploads\/2023\/10\/cropped-logo-1.png","contentUrl":"https:\/\/www.aubergegaspe.com\/wp-content\/uploads\/2023\/10\/cropped-logo-1.png","width":190,"height":190,"caption":"Auberge Griffon Aventure"},"image":{"@id":"https:\/\/www.aubergegaspe.com\/#\/schema\/logo\/image\/"},"sameAs":["https:\/\/www.facebook.com\/griffonaventure","https:\/\/www.instagram.com\/griffonaventure"]}]}},"_links":{"self":[{"href":"https:\/\/www.aubergegaspe.com\/en\/wp-json\/wp\/v2\/pages\/832","targetHints":{"allow":["GET"]}}],"collection":[{"href":"https:\/\/www.aubergegaspe.com\/en\/wp-json\/wp\/v2\/pages"}],"about":[{"href":"https:\/\/www.aubergegaspe.com\/en\/wp-json\/wp\/v2\/types\/page"}],"author":[{"embeddable":true,"href":"https:\/\/www.aubergegaspe.com\/en\/wp-json\/wp\/v2\/users\/1"}],"replies":[{"embeddable":true,"href":"https:\/\/www.aubergegaspe.com\/en\/wp-json\/wp\/v2\/comments?post=832"}],"version-history":[{"count":0,"href":"https:\/\/www.aubergegaspe.com\/en\/wp-json\/wp\/v2\/pages\/832\/revisions"}],"up":[{"embeddable":true,"href":"https:\/\/www.aubergegaspe.com\/en\/wp-json\/wp\/v2\/pages\/831"}],"wp:featuredmedia":[{"embeddable":true,"href":"https:\/\/www.aubergegaspe.com\/en\/wp-json\/wp\/v2\/media\/1668"}],"wp:attachment":[{"href":"https:\/\/www.aubergegaspe.com\/en\/wp-json\/wp\/v2\/media?parent=832"}],"curies":[{"name":"wp","href":"https:\/\/api.w.org\/{rel}","templated":true}]}}