{"id":804,"date":"2022-04-13T15:21:36","date_gmt":"2022-04-13T15:21:36","guid":{"rendered":"https:\/\/aubergegaspe.com\/activities\/croisiere-forillon\/"},"modified":"2026-01-20T19:48:34","modified_gmt":"2026-01-20T19:48:34","slug":"forillon-cruise","status":"publish","type":"page","link":"https:\/\/www.aubergegaspe.com\/en\/activities\/forillon-cruise\/","title":{"rendered":"Forillon cruise"},"content":{"rendered":"<div class=\"wp-block-image\">\n<figure class=\"aligncenter size-full\"><img decoding=\"async\" width=\"244\" height=\"171\" src=\"https:\/\/aubergegaspe.com\/wp-content\/uploads\/2022\/06\/Logo_croisiere_Forillon_COULEUR.png\" alt=\"\" class=\"wp-image-893\"\/><\/figure>\n<\/div>\n\n\n<p>Step aboard the&nbsp;<em>Mathilde,<\/em><em>&nbsp;<\/em>in small groups from 5 to 12 people to discover a breathtaking natural coastal landscape. A&nbsp;memorable experience for both kids and adults! The meeting point is at the Cap-des-Rosiers marina, at the northern entrance of the Forillon National Park. From there, we\u2019ll take you along the coast of the Forillon National Park, including Cap-Bon-Ami and the Green Bay, and we&#8217;ll see seals and&nbsp;coastal birds. You can also fish a few mackerels if you&#8217;d like!&nbsp;.<\/p>\n\n\n\n<p><strong>When:<\/strong>&nbsp;Mid-June to end of September<\/p>\n\n\n\n<p><strong>Departure times:<\/strong>&nbsp;6h30 AM, 10h AM and 5h30 PM&nbsp;, other departure times may be offered during the day check the online calendar.<\/p>\n\n\n\n<p><strong>For same-day reservations, kindly contact us by phone : +1-418-360-6614.<\/strong><\/p>\n\n\n\n<p><strong>Where:<\/strong>&nbsp;Cap-des-Rosiers&nbsp;Marina, at the northern entrance of&nbsp;Forillon National Park<\/p>\n\n\n\n<p><strong>Duration:<\/strong>&nbsp;Between 2h to 2h30<\/p>\n\n\n\n<p><strong>Cost:<\/strong><\/p>\n\n\n\n<p>Adults: $80 +tx<\/p>\n\n\n\n<p>Kids age 6 to 17: $63\u00a0+ tx<\/p>\n\n\n\n<p>Kids age 2 to 5: $46 +tx<\/p>\n\n\n\n<p>F<em>ree for kids under 2.<\/em><\/p>\n\n\n\n<p><strong>Equipment:<\/strong><\/p>\n\n\n\n<p>Provided:&nbsp;life jackets ;&nbsp;fishing equipment (rod, tackle, etc.) <\/p>\n\n\n\n<p>To bring with you:&nbsp;hat, sunscreen, water bottle, camera, waterproof and\/or warm clothing<\/p>\n\n\n\n<p>Kindly arrive 10 minutes before the beginning of the activity.<\/p>\n\n\n\n<p>1438 blvd de Cap-des-rosiers. (Quai de Cap-des-rosiers on google)<\/p>\n","protected":false},"excerpt":{"rendered":"<p>Step aboard the&nbsp;Mathilde,&nbsp;in small groups from 5 to 12 people to discover a breathtaking natural coastal landscape. A&nbsp;memorable experience for both kids and adults! The meeting point is at the Cap-des-Rosiers marina, at the northern entrance of the Forillon National Park. From there, we\u2019ll take you along the coast of the Forillon National Park, including [&hellip;]<\/p>\n","protected":false},"author":1,"featured_media":549,"parent":798,"menu_order":0,"comment_status":"closed","ping_status":"closed","template":"single-activites-2-cols.php","meta":{"inline_featured_image":false,"footnotes":""},"class_list":["post-804","page","type-page","status-publish","has-post-thumbnail","hentry"],"acf":[],"yoast_head":"<!-- This site is optimized with the Yoast SEO plugin v27.3 - https:\/\/yoast.com\/product\/yoast-seo-wordpress\/ -->\n<title>Forillon Cruise | Gaspesie Boat Tour | Auberge Griffon Aventure<\/title>\n<meta name=\"description\" content=\"Sail along Forillon\u2019s coast on a small-group cruise! See seals, birds, and stunning landscapes. Optional mackerel fishing. Book your Forillon adventure!\" \/>\n<meta name=\"robots\" content=\"index, follow, max-snippet:-1, max-image-preview:large, max-video-preview:-1\" \/>\n<link rel=\"canonical\" href=\"https:\/\/www.aubergegaspe.com\/en\/activities\/forillon-cruise\/\" \/>\n<meta property=\"og:locale\" content=\"en_US\" \/>\n<meta property=\"og:type\" content=\"article\" \/>\n<meta property=\"og:title\" content=\"Forillon Cruise | Gaspesie Boat Tour | Auberge Griffon Aventure\" \/>\n<meta property=\"og:description\" content=\"Sail along Forillon\u2019s coast on a small-group cruise! See seals, birds, and stunning landscapes. Optional mackerel fishing. Book your Forillon adventure!\" \/>\n<meta property=\"og:url\" content=\"https:\/\/www.aubergegaspe.com\/en\/activities\/forillon-cruise\/\" \/>\n<meta property=\"og:site_name\" content=\"Auberge Griffon Aventure\" \/>\n<meta property=\"article:publisher\" content=\"https:\/\/www.facebook.com\/griffonaventure\" \/>\n<meta property=\"article:modified_time\" content=\"2026-01-20T19:48:34+00:00\" \/>\n<meta property=\"og:image\" content=\"https:\/\/www.aubergegaspe.com\/wp-content\/uploads\/2022\/04\/IMG_6769_t.jpg\" \/>\n\t<meta property=\"og:image:width\" content=\"487\" \/>\n\t<meta property=\"og:image:height\" content=\"487\" \/>\n\t<meta property=\"og:image:type\" content=\"image\/jpeg\" \/>\n<meta name=\"twitter:card\" content=\"summary_large_image\" \/>\n<meta name=\"twitter:label1\" content=\"Est. reading time\" \/>\n\t<meta name=\"twitter:data1\" content=\"2 minutes\" \/>\n<script type=\"application\/ld+json\" class=\"yoast-schema-graph\">{\"@context\":\"https:\\\/\\\/schema.org\",\"@graph\":[{\"@type\":\"WebPage\",\"@id\":\"https:\\\/\\\/www.aubergegaspe.com\\\/en\\\/activities\\\/forillon-cruise\\\/\",\"url\":\"https:\\\/\\\/www.aubergegaspe.com\\\/en\\\/activities\\\/forillon-cruise\\\/\",\"name\":\"Forillon Cruise | Gaspesie Boat Tour | Auberge Griffon Aventure\",\"isPartOf\":{\"@id\":\"https:\\\/\\\/www.aubergegaspe.com\\\/#website\"},\"primaryImageOfPage\":{\"@id\":\"https:\\\/\\\/www.aubergegaspe.com\\\/en\\\/activities\\\/forillon-cruise\\\/#primaryimage\"},\"image\":{\"@id\":\"https:\\\/\\\/www.aubergegaspe.com\\\/en\\\/activities\\\/forillon-cruise\\\/#primaryimage\"},\"thumbnailUrl\":\"https:\\\/\\\/www.aubergegaspe.com\\\/wp-content\\\/uploads\\\/2022\\\/04\\\/IMG_6769_t.jpg\",\"datePublished\":\"2022-04-13T15:21:36+00:00\",\"dateModified\":\"2026-01-20T19:48:34+00:00\",\"description\":\"Sail along Forillon\u2019s coast on a small-group cruise! See seals, birds, and stunning landscapes. Optional mackerel fishing. Book your Forillon adventure!\",\"breadcrumb\":{\"@id\":\"https:\\\/\\\/www.aubergegaspe.com\\\/en\\\/activities\\\/forillon-cruise\\\/#breadcrumb\"},\"inLanguage\":\"en-US\",\"potentialAction\":[{\"@type\":\"ReadAction\",\"target\":[\"https:\\\/\\\/www.aubergegaspe.com\\\/en\\\/activities\\\/forillon-cruise\\\/\"]}]},{\"@type\":\"ImageObject\",\"inLanguage\":\"en-US\",\"@id\":\"https:\\\/\\\/www.aubergegaspe.com\\\/en\\\/activities\\\/forillon-cruise\\\/#primaryimage\",\"url\":\"https:\\\/\\\/www.aubergegaspe.com\\\/wp-content\\\/uploads\\\/2022\\\/04\\\/IMG_6769_t.jpg\",\"contentUrl\":\"https:\\\/\\\/www.aubergegaspe.com\\\/wp-content\\\/uploads\\\/2022\\\/04\\\/IMG_6769_t.jpg\",\"width\":487,\"height\":487,\"caption\":\"Une sc\u00e8ne paisible o\u00f9 les bateaux rentrent au port, baign\u00e9s par la douce lumi\u00e8re du soir\"},{\"@type\":\"BreadcrumbList\",\"@id\":\"https:\\\/\\\/www.aubergegaspe.com\\\/en\\\/activities\\\/forillon-cruise\\\/#breadcrumb\",\"itemListElement\":[{\"@type\":\"ListItem\",\"position\":1,\"name\":\"Accueil\",\"item\":\"https:\\\/\\\/www.aubergegaspe.com\\\/en\\\/\"},{\"@type\":\"ListItem\",\"position\":2,\"name\":\"Activities\",\"item\":\"https:\\\/\\\/www.aubergegaspe.com\\\/en\\\/activities\\\/\"},{\"@type\":\"ListItem\",\"position\":3,\"name\":\"Forillon cruise\"}]},{\"@type\":\"WebSite\",\"@id\":\"https:\\\/\\\/www.aubergegaspe.com\\\/#website\",\"url\":\"https:\\\/\\\/www.aubergegaspe.com\\\/\",\"name\":\"Auberge Griffon Aventure\",\"description\":\"H\u00e9bergement et activit\u00e9s de plein air\",\"publisher\":{\"@id\":\"https:\\\/\\\/www.aubergegaspe.com\\\/#organization\"},\"potentialAction\":[{\"@type\":\"SearchAction\",\"target\":{\"@type\":\"EntryPoint\",\"urlTemplate\":\"https:\\\/\\\/www.aubergegaspe.com\\\/?s={search_term_string}\"},\"query-input\":{\"@type\":\"PropertyValueSpecification\",\"valueRequired\":true,\"valueName\":\"search_term_string\"}}],\"inLanguage\":\"en-US\"},{\"@type\":\"Organization\",\"@id\":\"https:\\\/\\\/www.aubergegaspe.com\\\/#organization\",\"name\":\"Auberge Griffon Aventure\",\"url\":\"https:\\\/\\\/www.aubergegaspe.com\\\/\",\"logo\":{\"@type\":\"ImageObject\",\"inLanguage\":\"en-US\",\"@id\":\"https:\\\/\\\/www.aubergegaspe.com\\\/#\\\/schema\\\/logo\\\/image\\\/\",\"url\":\"https:\\\/\\\/www.aubergegaspe.com\\\/wp-content\\\/uploads\\\/2023\\\/10\\\/cropped-logo-1.png\",\"contentUrl\":\"https:\\\/\\\/www.aubergegaspe.com\\\/wp-content\\\/uploads\\\/2023\\\/10\\\/cropped-logo-1.png\",\"width\":190,\"height\":190,\"caption\":\"Auberge Griffon Aventure\"},\"image\":{\"@id\":\"https:\\\/\\\/www.aubergegaspe.com\\\/#\\\/schema\\\/logo\\\/image\\\/\"},\"sameAs\":[\"https:\\\/\\\/www.facebook.com\\\/griffonaventure\",\"https:\\\/\\\/www.instagram.com\\\/griffonaventure\"]}]}<\/script>\n<!-- \/ Yoast SEO plugin. -->","yoast_head_json":{"title":"Forillon Cruise | Gaspesie Boat Tour | Auberge Griffon Aventure","description":"Sail along Forillon\u2019s coast on a small-group cruise! See seals, birds, and stunning landscapes. Optional mackerel fishing. Book your Forillon adventure!","robots":{"index":"index","follow":"follow","max-snippet":"max-snippet:-1","max-image-preview":"max-image-preview:large","max-video-preview":"max-video-preview:-1"},"canonical":"https:\/\/www.aubergegaspe.com\/en\/activities\/forillon-cruise\/","og_locale":"en_US","og_type":"article","og_title":"Forillon Cruise | Gaspesie Boat Tour | Auberge Griffon Aventure","og_description":"Sail along Forillon\u2019s coast on a small-group cruise! See seals, birds, and stunning landscapes. Optional mackerel fishing. Book your Forillon adventure!","og_url":"https:\/\/www.aubergegaspe.com\/en\/activities\/forillon-cruise\/","og_site_name":"Auberge Griffon Aventure","article_publisher":"https:\/\/www.facebook.com\/griffonaventure","article_modified_time":"2026-01-20T19:48:34+00:00","og_image":[{"width":487,"height":487,"url":"https:\/\/www.aubergegaspe.com\/wp-content\/uploads\/2022\/04\/IMG_6769_t.jpg","type":"image\/jpeg"}],"twitter_card":"summary_large_image","twitter_misc":{"Est. reading time":"2 minutes"},"schema":{"@context":"https:\/\/schema.org","@graph":[{"@type":"WebPage","@id":"https:\/\/www.aubergegaspe.com\/en\/activities\/forillon-cruise\/","url":"https:\/\/www.aubergegaspe.com\/en\/activities\/forillon-cruise\/","name":"Forillon Cruise | Gaspesie Boat Tour | Auberge Griffon Aventure","isPartOf":{"@id":"https:\/\/www.aubergegaspe.com\/#website"},"primaryImageOfPage":{"@id":"https:\/\/www.aubergegaspe.com\/en\/activities\/forillon-cruise\/#primaryimage"},"image":{"@id":"https:\/\/www.aubergegaspe.com\/en\/activities\/forillon-cruise\/#primaryimage"},"thumbnailUrl":"https:\/\/www.aubergegaspe.com\/wp-content\/uploads\/2022\/04\/IMG_6769_t.jpg","datePublished":"2022-04-13T15:21:36+00:00","dateModified":"2026-01-20T19:48:34+00:00","description":"Sail along Forillon\u2019s coast on a small-group cruise! See seals, birds, and stunning landscapes. Optional mackerel fishing. Book your Forillon adventure!","breadcrumb":{"@id":"https:\/\/www.aubergegaspe.com\/en\/activities\/forillon-cruise\/#breadcrumb"},"inLanguage":"en-US","potentialAction":[{"@type":"ReadAction","target":["https:\/\/www.aubergegaspe.com\/en\/activities\/forillon-cruise\/"]}]},{"@type":"ImageObject","inLanguage":"en-US","@id":"https:\/\/www.aubergegaspe.com\/en\/activities\/forillon-cruise\/#primaryimage","url":"https:\/\/www.aubergegaspe.com\/wp-content\/uploads\/2022\/04\/IMG_6769_t.jpg","contentUrl":"https:\/\/www.aubergegaspe.com\/wp-content\/uploads\/2022\/04\/IMG_6769_t.jpg","width":487,"height":487,"caption":"Une sc\u00e8ne paisible o\u00f9 les bateaux rentrent au port, baign\u00e9s par la douce lumi\u00e8re du soir"},{"@type":"BreadcrumbList","@id":"https:\/\/www.aubergegaspe.com\/en\/activities\/forillon-cruise\/#breadcrumb","itemListElement":[{"@type":"ListItem","position":1,"name":"Accueil","item":"https:\/\/www.aubergegaspe.com\/en\/"},{"@type":"ListItem","position":2,"name":"Activities","item":"https:\/\/www.aubergegaspe.com\/en\/activities\/"},{"@type":"ListItem","position":3,"name":"Forillon cruise"}]},{"@type":"WebSite","@id":"https:\/\/www.aubergegaspe.com\/#website","url":"https:\/\/www.aubergegaspe.com\/","name":"Auberge Griffon Aventure","description":"H\u00e9bergement et activit\u00e9s de plein air","publisher":{"@id":"https:\/\/www.aubergegaspe.com\/#organization"},"potentialAction":[{"@type":"SearchAction","target":{"@type":"EntryPoint","urlTemplate":"https:\/\/www.aubergegaspe.com\/?s={search_term_string}"},"query-input":{"@type":"PropertyValueSpecification","valueRequired":true,"valueName":"search_term_string"}}],"inLanguage":"en-US"},{"@type":"Organization","@id":"https:\/\/www.aubergegaspe.com\/#organization","name":"Auberge Griffon Aventure","url":"https:\/\/www.aubergegaspe.com\/","logo":{"@type":"ImageObject","inLanguage":"en-US","@id":"https:\/\/www.aubergegaspe.com\/#\/schema\/logo\/image\/","url":"https:\/\/www.aubergegaspe.com\/wp-content\/uploads\/2023\/10\/cropped-logo-1.png","contentUrl":"https:\/\/www.aubergegaspe.com\/wp-content\/uploads\/2023\/10\/cropped-logo-1.png","width":190,"height":190,"caption":"Auberge Griffon Aventure"},"image":{"@id":"https:\/\/www.aubergegaspe.com\/#\/schema\/logo\/image\/"},"sameAs":["https:\/\/www.facebook.com\/griffonaventure","https:\/\/www.instagram.com\/griffonaventure"]}]}},"_links":{"self":[{"href":"https:\/\/www.aubergegaspe.com\/en\/wp-json\/wp\/v2\/pages\/804","targetHints":{"allow":["GET"]}}],"collection":[{"href":"https:\/\/www.aubergegaspe.com\/en\/wp-json\/wp\/v2\/pages"}],"about":[{"href":"https:\/\/www.aubergegaspe.com\/en\/wp-json\/wp\/v2\/types\/page"}],"author":[{"embeddable":true,"href":"https:\/\/www.aubergegaspe.com\/en\/wp-json\/wp\/v2\/users\/1"}],"replies":[{"embeddable":true,"href":"https:\/\/www.aubergegaspe.com\/en\/wp-json\/wp\/v2\/comments?post=804"}],"version-history":[{"count":0,"href":"https:\/\/www.aubergegaspe.com\/en\/wp-json\/wp\/v2\/pages\/804\/revisions"}],"up":[{"embeddable":true,"href":"https:\/\/www.aubergegaspe.com\/en\/wp-json\/wp\/v2\/pages\/798"}],"wp:featuredmedia":[{"embeddable":true,"href":"https:\/\/www.aubergegaspe.com\/en\/wp-json\/wp\/v2\/media\/549"}],"wp:attachment":[{"href":"https:\/\/www.aubergegaspe.com\/en\/wp-json\/wp\/v2\/media?parent=804"}],"curies":[{"name":"wp","href":"https:\/\/api.w.org\/{rel}","templated":true}]}}