{"id":800,"date":"2022-04-12T15:27:30","date_gmt":"2022-04-12T15:27:30","guid":{"rendered":"https:\/\/aubergegaspe.com\/activities\/canyonisme-canyoning\/"},"modified":"2026-01-20T19:47:47","modified_gmt":"2026-01-20T19:47:47","slug":"canyoning","status":"publish","type":"page","link":"https:\/\/www.aubergegaspe.com\/en\/activities\/canyoning\/","title":{"rendered":"Canyoning"},"content":{"rendered":"\n<p>Canyoning, Griffon Aventure\u2019s signature summer activity offers you an unparalleled experience in Gasp\u00e9sie. It\u2019s like an outdoor waterpark designed by nature over thousands of years of natural erosion. Our guides will show you our exceptional site with emerald green pools, natural water slides, stunning waterfalls and much more! Discover a truly magical oasis in Gasp\u00e9sie that you\u2019ll never forget!<\/p>\n\n\n\n<p><strong>Meeting point for this activity is in the city of Gasp\u00e9, about 45 minutes from the hostel<\/strong>. From there you will follow your guide with your own vehicule to the activity point of departure.&nbsp;<\/p>\n\n\n\n<p>When: 9:30 AM.<\/p>\n\n\n\n<p>Where: Parking lot of the (closed) restaurant Chez Ron:<\/p>\n\n\n\n<p>627 Boulevard de York S, Gasp\u00e9, QC G4X 2L3, Canada<\/p>\n\n\n\n<p>(Meeting point is to the left of the restaurant)<\/p>\n\n\n\n<p>Cost: $85\u00a0(+ tax) per adult<\/p>\n\n\n\n<p>Cost: $70 (+ tax) per kid &#8211; (17 years old and under)<\/p>\n\n\n\n<p>Duration: 5 hours with 3 \u00bd hours in the water<\/p>\n\n\n\n<p>Further Information:&nbsp;<\/p>\n\n\n\n<ul class=\"wp-block-list\">\n<li>The canyoning&nbsp;season is approximatly from June 18th&nbsp;to September 1th.&nbsp;<\/li>\n\n\n\n<li>No previous experience necessary! &nbsp;<\/li>\n\n\n\n<li>For kids 9-10 year-old and older<\/li>\n\n\n\n<li>A wetsuit (5mm), helmet, gloves and booties are provided. &nbsp;Please bring a swimsuit (to wear under the wetsuit) and shoes with a good grip which can get wet. &nbsp;We recommend traditional running shoes. &nbsp;<\/li>\n\n\n\n<li>Our guides work hard to provide you with a fun and safe experience. &nbsp;Gratuities are appreciated!&nbsp;<\/li>\n\n\n\n<li>This activity may not be suitable for people with physical limitations. &nbsp;If you have questions about the difficulty of the course, we will be happy to answer any questions at the reception desk. &nbsp;&nbsp;<\/li>\n<\/ul>\n","protected":false},"excerpt":{"rendered":"<p>Canyoning, Griffon Aventure\u2019s signature summer activity offers you an unparalleled experience in Gasp\u00e9sie. It\u2019s like an outdoor waterpark designed by nature over thousands of years of natural erosion. Our guides will show you our exceptional site with emerald green pools, natural water slides, stunning waterfalls and much more! Discover a truly magical oasis in Gasp\u00e9sie [&hellip;]<\/p>\n","protected":false},"author":1,"featured_media":518,"parent":798,"menu_order":0,"comment_status":"closed","ping_status":"closed","template":"single-activites-2-cols.php","meta":{"inline_featured_image":false,"footnotes":""},"class_list":["post-800","page","type-page","status-publish","has-post-thumbnail","hentry"],"acf":[],"yoast_head":"<!-- This site is optimized with the Yoast SEO plugin v27.3 - https:\/\/yoast.com\/product\/yoast-seo-wordpress\/ -->\n<title>Canyoning Gaspesie | Adrenaline &amp; Nature | Auberge Griffon Aventure<\/title>\n<meta name=\"description\" content=\"Experience canyoning in Gaspesie! Natural slides, waterfalls, and emerald pools await. No experience needed. Book your adventure with Griffon Aventure!\" \/>\n<meta name=\"robots\" content=\"index, follow, max-snippet:-1, max-image-preview:large, max-video-preview:-1\" \/>\n<link rel=\"canonical\" href=\"https:\/\/www.aubergegaspe.com\/en\/activities\/canyoning\/\" \/>\n<meta property=\"og:locale\" content=\"en_US\" \/>\n<meta property=\"og:type\" content=\"article\" \/>\n<meta property=\"og:title\" content=\"Canyoning Gaspesie | Adrenaline &amp; Nature | Auberge Griffon Aventure\" \/>\n<meta property=\"og:description\" content=\"Experience canyoning in Gaspesie! Natural slides, waterfalls, and emerald pools await. No experience needed. Book your adventure with Griffon Aventure!\" \/>\n<meta property=\"og:url\" content=\"https:\/\/www.aubergegaspe.com\/en\/activities\/canyoning\/\" \/>\n<meta property=\"og:site_name\" content=\"Auberge Griffon Aventure\" \/>\n<meta property=\"article:publisher\" content=\"https:\/\/www.facebook.com\/griffonaventure\" \/>\n<meta property=\"article:modified_time\" content=\"2026-01-20T19:47:47+00:00\" \/>\n<meta property=\"og:image\" content=\"https:\/\/www.aubergegaspe.com\/wp-content\/uploads\/2022\/04\/Canyoning02_2_0_t.jpg\" \/>\n\t<meta property=\"og:image:width\" content=\"487\" \/>\n\t<meta property=\"og:image:height\" content=\"487\" \/>\n\t<meta property=\"og:image:type\" content=\"image\/jpeg\" \/>\n<meta name=\"twitter:card\" content=\"summary_large_image\" \/>\n<meta name=\"twitter:label1\" content=\"Est. reading time\" \/>\n\t<meta name=\"twitter:data1\" content=\"2 minutes\" \/>\n<script type=\"application\/ld+json\" class=\"yoast-schema-graph\">{\"@context\":\"https:\\\/\\\/schema.org\",\"@graph\":[{\"@type\":\"WebPage\",\"@id\":\"https:\\\/\\\/www.aubergegaspe.com\\\/en\\\/activities\\\/canyoning\\\/\",\"url\":\"https:\\\/\\\/www.aubergegaspe.com\\\/en\\\/activities\\\/canyoning\\\/\",\"name\":\"Canyoning Gaspesie | Adrenaline & Nature | Auberge Griffon Aventure\",\"isPartOf\":{\"@id\":\"https:\\\/\\\/www.aubergegaspe.com\\\/#website\"},\"primaryImageOfPage\":{\"@id\":\"https:\\\/\\\/www.aubergegaspe.com\\\/en\\\/activities\\\/canyoning\\\/#primaryimage\"},\"image\":{\"@id\":\"https:\\\/\\\/www.aubergegaspe.com\\\/en\\\/activities\\\/canyoning\\\/#primaryimage\"},\"thumbnailUrl\":\"https:\\\/\\\/www.aubergegaspe.com\\\/wp-content\\\/uploads\\\/2022\\\/04\\\/Canyoning02_2_0_t.jpg\",\"datePublished\":\"2022-04-12T15:27:30+00:00\",\"dateModified\":\"2026-01-20T19:47:47+00:00\",\"description\":\"Experience canyoning in Gaspesie! Natural slides, waterfalls, and emerald pools await. No experience needed. Book your adventure with Griffon Aventure!\",\"breadcrumb\":{\"@id\":\"https:\\\/\\\/www.aubergegaspe.com\\\/en\\\/activities\\\/canyoning\\\/#breadcrumb\"},\"inLanguage\":\"en-US\",\"potentialAction\":[{\"@type\":\"ReadAction\",\"target\":[\"https:\\\/\\\/www.aubergegaspe.com\\\/en\\\/activities\\\/canyoning\\\/\"]}]},{\"@type\":\"ImageObject\",\"inLanguage\":\"en-US\",\"@id\":\"https:\\\/\\\/www.aubergegaspe.com\\\/en\\\/activities\\\/canyoning\\\/#primaryimage\",\"url\":\"https:\\\/\\\/www.aubergegaspe.com\\\/wp-content\\\/uploads\\\/2022\\\/04\\\/Canyoning02_2_0_t.jpg\",\"contentUrl\":\"https:\\\/\\\/www.aubergegaspe.com\\\/wp-content\\\/uploads\\\/2022\\\/04\\\/Canyoning02_2_0_t.jpg\",\"width\":487,\"height\":487,\"caption\":\"Un moment de plaisir rafra\u00eechissant, \u00e9quip\u00e9 de casques pour profiter de la chute d\u2019eau en toute s\u00e9curit\u00e9\"},{\"@type\":\"BreadcrumbList\",\"@id\":\"https:\\\/\\\/www.aubergegaspe.com\\\/en\\\/activities\\\/canyoning\\\/#breadcrumb\",\"itemListElement\":[{\"@type\":\"ListItem\",\"position\":1,\"name\":\"Accueil\",\"item\":\"https:\\\/\\\/www.aubergegaspe.com\\\/en\\\/\"},{\"@type\":\"ListItem\",\"position\":2,\"name\":\"Activities\",\"item\":\"https:\\\/\\\/www.aubergegaspe.com\\\/en\\\/activities\\\/\"},{\"@type\":\"ListItem\",\"position\":3,\"name\":\"Canyoning\"}]},{\"@type\":\"WebSite\",\"@id\":\"https:\\\/\\\/www.aubergegaspe.com\\\/#website\",\"url\":\"https:\\\/\\\/www.aubergegaspe.com\\\/\",\"name\":\"Auberge Griffon Aventure\",\"description\":\"H\u00e9bergement et activit\u00e9s de plein air\",\"publisher\":{\"@id\":\"https:\\\/\\\/www.aubergegaspe.com\\\/#organization\"},\"potentialAction\":[{\"@type\":\"SearchAction\",\"target\":{\"@type\":\"EntryPoint\",\"urlTemplate\":\"https:\\\/\\\/www.aubergegaspe.com\\\/?s={search_term_string}\"},\"query-input\":{\"@type\":\"PropertyValueSpecification\",\"valueRequired\":true,\"valueName\":\"search_term_string\"}}],\"inLanguage\":\"en-US\"},{\"@type\":\"Organization\",\"@id\":\"https:\\\/\\\/www.aubergegaspe.com\\\/#organization\",\"name\":\"Auberge Griffon Aventure\",\"url\":\"https:\\\/\\\/www.aubergegaspe.com\\\/\",\"logo\":{\"@type\":\"ImageObject\",\"inLanguage\":\"en-US\",\"@id\":\"https:\\\/\\\/www.aubergegaspe.com\\\/#\\\/schema\\\/logo\\\/image\\\/\",\"url\":\"https:\\\/\\\/www.aubergegaspe.com\\\/wp-content\\\/uploads\\\/2023\\\/10\\\/cropped-logo-1.png\",\"contentUrl\":\"https:\\\/\\\/www.aubergegaspe.com\\\/wp-content\\\/uploads\\\/2023\\\/10\\\/cropped-logo-1.png\",\"width\":190,\"height\":190,\"caption\":\"Auberge Griffon Aventure\"},\"image\":{\"@id\":\"https:\\\/\\\/www.aubergegaspe.com\\\/#\\\/schema\\\/logo\\\/image\\\/\"},\"sameAs\":[\"https:\\\/\\\/www.facebook.com\\\/griffonaventure\",\"https:\\\/\\\/www.instagram.com\\\/griffonaventure\"]}]}<\/script>\n<!-- \/ Yoast SEO plugin. -->","yoast_head_json":{"title":"Canyoning Gaspesie | Adrenaline & Nature | Auberge Griffon Aventure","description":"Experience canyoning in Gaspesie! Natural slides, waterfalls, and emerald pools await. No experience needed. Book your adventure with Griffon Aventure!","robots":{"index":"index","follow":"follow","max-snippet":"max-snippet:-1","max-image-preview":"max-image-preview:large","max-video-preview":"max-video-preview:-1"},"canonical":"https:\/\/www.aubergegaspe.com\/en\/activities\/canyoning\/","og_locale":"en_US","og_type":"article","og_title":"Canyoning Gaspesie | Adrenaline & Nature | Auberge Griffon Aventure","og_description":"Experience canyoning in Gaspesie! Natural slides, waterfalls, and emerald pools await. No experience needed. Book your adventure with Griffon Aventure!","og_url":"https:\/\/www.aubergegaspe.com\/en\/activities\/canyoning\/","og_site_name":"Auberge Griffon Aventure","article_publisher":"https:\/\/www.facebook.com\/griffonaventure","article_modified_time":"2026-01-20T19:47:47+00:00","og_image":[{"width":487,"height":487,"url":"https:\/\/www.aubergegaspe.com\/wp-content\/uploads\/2022\/04\/Canyoning02_2_0_t.jpg","type":"image\/jpeg"}],"twitter_card":"summary_large_image","twitter_misc":{"Est. reading time":"2 minutes"},"schema":{"@context":"https:\/\/schema.org","@graph":[{"@type":"WebPage","@id":"https:\/\/www.aubergegaspe.com\/en\/activities\/canyoning\/","url":"https:\/\/www.aubergegaspe.com\/en\/activities\/canyoning\/","name":"Canyoning Gaspesie | Adrenaline & Nature | Auberge Griffon Aventure","isPartOf":{"@id":"https:\/\/www.aubergegaspe.com\/#website"},"primaryImageOfPage":{"@id":"https:\/\/www.aubergegaspe.com\/en\/activities\/canyoning\/#primaryimage"},"image":{"@id":"https:\/\/www.aubergegaspe.com\/en\/activities\/canyoning\/#primaryimage"},"thumbnailUrl":"https:\/\/www.aubergegaspe.com\/wp-content\/uploads\/2022\/04\/Canyoning02_2_0_t.jpg","datePublished":"2022-04-12T15:27:30+00:00","dateModified":"2026-01-20T19:47:47+00:00","description":"Experience canyoning in Gaspesie! Natural slides, waterfalls, and emerald pools await. No experience needed. Book your adventure with Griffon Aventure!","breadcrumb":{"@id":"https:\/\/www.aubergegaspe.com\/en\/activities\/canyoning\/#breadcrumb"},"inLanguage":"en-US","potentialAction":[{"@type":"ReadAction","target":["https:\/\/www.aubergegaspe.com\/en\/activities\/canyoning\/"]}]},{"@type":"ImageObject","inLanguage":"en-US","@id":"https:\/\/www.aubergegaspe.com\/en\/activities\/canyoning\/#primaryimage","url":"https:\/\/www.aubergegaspe.com\/wp-content\/uploads\/2022\/04\/Canyoning02_2_0_t.jpg","contentUrl":"https:\/\/www.aubergegaspe.com\/wp-content\/uploads\/2022\/04\/Canyoning02_2_0_t.jpg","width":487,"height":487,"caption":"Un moment de plaisir rafra\u00eechissant, \u00e9quip\u00e9 de casques pour profiter de la chute d\u2019eau en toute s\u00e9curit\u00e9"},{"@type":"BreadcrumbList","@id":"https:\/\/www.aubergegaspe.com\/en\/activities\/canyoning\/#breadcrumb","itemListElement":[{"@type":"ListItem","position":1,"name":"Accueil","item":"https:\/\/www.aubergegaspe.com\/en\/"},{"@type":"ListItem","position":2,"name":"Activities","item":"https:\/\/www.aubergegaspe.com\/en\/activities\/"},{"@type":"ListItem","position":3,"name":"Canyoning"}]},{"@type":"WebSite","@id":"https:\/\/www.aubergegaspe.com\/#website","url":"https:\/\/www.aubergegaspe.com\/","name":"Auberge Griffon Aventure","description":"H\u00e9bergement et activit\u00e9s de plein air","publisher":{"@id":"https:\/\/www.aubergegaspe.com\/#organization"},"potentialAction":[{"@type":"SearchAction","target":{"@type":"EntryPoint","urlTemplate":"https:\/\/www.aubergegaspe.com\/?s={search_term_string}"},"query-input":{"@type":"PropertyValueSpecification","valueRequired":true,"valueName":"search_term_string"}}],"inLanguage":"en-US"},{"@type":"Organization","@id":"https:\/\/www.aubergegaspe.com\/#organization","name":"Auberge Griffon Aventure","url":"https:\/\/www.aubergegaspe.com\/","logo":{"@type":"ImageObject","inLanguage":"en-US","@id":"https:\/\/www.aubergegaspe.com\/#\/schema\/logo\/image\/","url":"https:\/\/www.aubergegaspe.com\/wp-content\/uploads\/2023\/10\/cropped-logo-1.png","contentUrl":"https:\/\/www.aubergegaspe.com\/wp-content\/uploads\/2023\/10\/cropped-logo-1.png","width":190,"height":190,"caption":"Auberge Griffon Aventure"},"image":{"@id":"https:\/\/www.aubergegaspe.com\/#\/schema\/logo\/image\/"},"sameAs":["https:\/\/www.facebook.com\/griffonaventure","https:\/\/www.instagram.com\/griffonaventure"]}]}},"_links":{"self":[{"href":"https:\/\/www.aubergegaspe.com\/en\/wp-json\/wp\/v2\/pages\/800","targetHints":{"allow":["GET"]}}],"collection":[{"href":"https:\/\/www.aubergegaspe.com\/en\/wp-json\/wp\/v2\/pages"}],"about":[{"href":"https:\/\/www.aubergegaspe.com\/en\/wp-json\/wp\/v2\/types\/page"}],"author":[{"embeddable":true,"href":"https:\/\/www.aubergegaspe.com\/en\/wp-json\/wp\/v2\/users\/1"}],"replies":[{"embeddable":true,"href":"https:\/\/www.aubergegaspe.com\/en\/wp-json\/wp\/v2\/comments?post=800"}],"version-history":[{"count":0,"href":"https:\/\/www.aubergegaspe.com\/en\/wp-json\/wp\/v2\/pages\/800\/revisions"}],"up":[{"embeddable":true,"href":"https:\/\/www.aubergegaspe.com\/en\/wp-json\/wp\/v2\/pages\/798"}],"wp:featuredmedia":[{"embeddable":true,"href":"https:\/\/www.aubergegaspe.com\/en\/wp-json\/wp\/v2\/media\/518"}],"wp:attachment":[{"href":"https:\/\/www.aubergegaspe.com\/en\/wp-json\/wp\/v2\/media?parent=800"}],"curies":[{"name":"wp","href":"https:\/\/api.w.org\/{rel}","templated":true}]}}