{"id":671,"date":"2022-04-13T13:46:57","date_gmt":"2022-04-13T13:46:57","guid":{"rendered":"https:\/\/aubergegaspe.com\/life-at-the-auberge\/ton-sejour-a-lauberge\/"},"modified":"2025-07-14T18:30:46","modified_gmt":"2025-07-14T18:30:46","slug":"services","status":"publish","type":"page","link":"https:\/\/www.aubergegaspe.com\/en\/life-at-the-auberge\/services\/","title":{"rendered":"Services"},"content":{"rendered":"\n<ul class=\"wp-block-list\"><li>Bar\u00a0service\u00a0<\/li><li>Dinner service available in high season upon reservation, for overnight guests only.<\/li><li>Access to the sea<\/li><li>Showers<\/li><li>Toilets<\/li><li>There is no drinking water onsite, but we sell 4-liter water bottles at the reception.\u00a0<\/li><li>Free Wifi access in the reception building.\u00a0<\/li><li>Public transport MONREGIM from hostel Griffon adventure for the Park, Forillon and Gasp\u00e9 (departure every morning at 6:30 a.m of the hostel with the exception of weekend):\u00a0<a href=\"http:\/\/regim.info\/voyage\/21-anse-au-griffon-gaspe\/\" target=\"_blank\" rel=\"noreferrer noopener\">departure here<\/a><\/li><\/ul>\n\n\n\n<hr class=\"wp-block-separator\"\/>\n\n\n\n<ul class=\"wp-block-list\"><li>Kitchen: \u00a0stoves, oven,\u00a0pans, dishes, spices, etc\u2026<\/li><li><span style=\"color: initial;\">Dining room and terrace with\u00a0direct\u00a0sea view.<\/span><\/li><li>Communal grill.<\/li><li>Baby foot table, darts, horse shoe game, p\u00e9tanque game and different board games.<\/li><li>Hammocks with view on the sea<\/li><li>Book exchange<\/li><li>Living room<\/li><li>Fire pit on edge of the sea<\/li><li>Woodstove in the living room<\/li><li>Details offered by personnel of the Griffon Adventure Hostel activities, animals, trails of the Forillon Park and observation sites.<\/li><\/ul>\n","protected":false},"excerpt":{"rendered":"<p>Bar\u00a0service\u00a0 Dinner service available in high season upon reservation, for overnight guests only. Access to the sea Showers Toilets There is no drinking water onsite, but we sell 4-liter water bottles at the reception.\u00a0 Free Wifi access in the reception building.\u00a0 Public transport MONREGIM from hostel Griffon adventure for the Park, Forillon and Gasp\u00e9 (departure [&hellip;]<\/p>\n","protected":false},"author":1,"featured_media":538,"parent":655,"menu_order":0,"comment_status":"closed","ping_status":"closed","template":"single-auberge-2-cols.php","meta":{"inline_featured_image":false,"footnotes":""},"class_list":["post-671","page","type-page","status-publish","has-post-thumbnail","hentry"],"acf":[],"yoast_head":"<!-- This site is optimized with the Yoast SEO plugin v27.3 - https:\/\/yoast.com\/product\/yoast-seo-wordpress\/ -->\n<title>Your Stay | Relaxation &amp; Discovery | Auberge Griffon Aventure<\/title>\n<meta name=\"description\" content=\"Enjoy bar service, sea access, a communal kitchen, free WiFi, and fun games at Griffon Aventure. Relax with hammocks, a fire pit, and breathtaking views!\" \/>\n<meta name=\"robots\" content=\"index, follow, max-snippet:-1, max-image-preview:large, max-video-preview:-1\" \/>\n<link rel=\"canonical\" href=\"https:\/\/www.aubergegaspe.com\/en\/life-at-the-auberge\/services\/\" \/>\n<meta property=\"og:locale\" content=\"en_US\" \/>\n<meta property=\"og:type\" content=\"article\" \/>\n<meta property=\"og:title\" content=\"Your Stay | Relaxation &amp; Discovery | Auberge Griffon Aventure\" \/>\n<meta property=\"og:description\" content=\"Enjoy bar service, sea access, a communal kitchen, free WiFi, and fun games at Griffon Aventure. Relax with hammocks, a fire pit, and breathtaking views!\" \/>\n<meta property=\"og:url\" content=\"https:\/\/www.aubergegaspe.com\/en\/life-at-the-auberge\/services\/\" \/>\n<meta property=\"og:site_name\" content=\"Auberge Griffon Aventure\" \/>\n<meta property=\"article:publisher\" content=\"https:\/\/www.facebook.com\/griffonaventure\" \/>\n<meta property=\"article:modified_time\" content=\"2025-07-14T18:30:46+00:00\" \/>\n<meta property=\"og:image\" content=\"https:\/\/www.aubergegaspe.com\/wp-content\/uploads\/2022\/04\/gang.jpg\" \/>\n\t<meta property=\"og:image:width\" content=\"1600\" \/>\n\t<meta property=\"og:image:height\" content=\"1200\" \/>\n\t<meta property=\"og:image:type\" content=\"image\/jpeg\" \/>\n<meta name=\"twitter:card\" content=\"summary_large_image\" \/>\n<meta name=\"twitter:label1\" content=\"Est. reading time\" \/>\n\t<meta name=\"twitter:data1\" content=\"1 minute\" \/>\n<script type=\"application\/ld+json\" class=\"yoast-schema-graph\">{\"@context\":\"https:\\\/\\\/schema.org\",\"@graph\":[{\"@type\":\"WebPage\",\"@id\":\"https:\\\/\\\/www.aubergegaspe.com\\\/en\\\/life-at-the-auberge\\\/services\\\/\",\"url\":\"https:\\\/\\\/www.aubergegaspe.com\\\/en\\\/life-at-the-auberge\\\/services\\\/\",\"name\":\"Your Stay | Relaxation & Discovery | Auberge Griffon Aventure\",\"isPartOf\":{\"@id\":\"https:\\\/\\\/www.aubergegaspe.com\\\/#website\"},\"primaryImageOfPage\":{\"@id\":\"https:\\\/\\\/www.aubergegaspe.com\\\/en\\\/life-at-the-auberge\\\/services\\\/#primaryimage\"},\"image\":{\"@id\":\"https:\\\/\\\/www.aubergegaspe.com\\\/en\\\/life-at-the-auberge\\\/services\\\/#primaryimage\"},\"thumbnailUrl\":\"https:\\\/\\\/www.aubergegaspe.com\\\/wp-content\\\/uploads\\\/2022\\\/04\\\/gang.jpg\",\"datePublished\":\"2022-04-13T13:46:57+00:00\",\"dateModified\":\"2025-07-14T18:30:46+00:00\",\"description\":\"Enjoy bar service, sea access, a communal kitchen, free WiFi, and fun games at Griffon Aventure. Relax with hammocks, a fire pit, and breathtaking views!\",\"breadcrumb\":{\"@id\":\"https:\\\/\\\/www.aubergegaspe.com\\\/en\\\/life-at-the-auberge\\\/services\\\/#breadcrumb\"},\"inLanguage\":\"en-US\",\"potentialAction\":[{\"@type\":\"ReadAction\",\"target\":[\"https:\\\/\\\/www.aubergegaspe.com\\\/en\\\/life-at-the-auberge\\\/services\\\/\"]}]},{\"@type\":\"ImageObject\",\"inLanguage\":\"en-US\",\"@id\":\"https:\\\/\\\/www.aubergegaspe.com\\\/en\\\/life-at-the-auberge\\\/services\\\/#primaryimage\",\"url\":\"https:\\\/\\\/www.aubergegaspe.com\\\/wp-content\\\/uploads\\\/2022\\\/04\\\/gang.jpg\",\"contentUrl\":\"https:\\\/\\\/www.aubergegaspe.com\\\/wp-content\\\/uploads\\\/2022\\\/04\\\/gang.jpg\",\"width\":1600,\"height\":1200,\"caption\":\"Un groupe de personnes c\u00e9l\u00e9brant un moment de convivialit\u00e9, sous un ciel bleu, accompagn\u00e9 d\u2019un chien.\"},{\"@type\":\"BreadcrumbList\",\"@id\":\"https:\\\/\\\/www.aubergegaspe.com\\\/en\\\/life-at-the-auberge\\\/services\\\/#breadcrumb\",\"itemListElement\":[{\"@type\":\"ListItem\",\"position\":1,\"name\":\"Accueil\",\"item\":\"https:\\\/\\\/www.aubergegaspe.com\\\/en\\\/\"},{\"@type\":\"ListItem\",\"position\":2,\"name\":\"Life at the auberge\",\"item\":\"https:\\\/\\\/www.aubergegaspe.com\\\/en\\\/life-at-the-auberge\\\/\"},{\"@type\":\"ListItem\",\"position\":3,\"name\":\"Services\"}]},{\"@type\":\"WebSite\",\"@id\":\"https:\\\/\\\/www.aubergegaspe.com\\\/#website\",\"url\":\"https:\\\/\\\/www.aubergegaspe.com\\\/\",\"name\":\"Auberge Griffon Aventure\",\"description\":\"H\u00e9bergement et activit\u00e9s de plein air\",\"publisher\":{\"@id\":\"https:\\\/\\\/www.aubergegaspe.com\\\/#organization\"},\"potentialAction\":[{\"@type\":\"SearchAction\",\"target\":{\"@type\":\"EntryPoint\",\"urlTemplate\":\"https:\\\/\\\/www.aubergegaspe.com\\\/?s={search_term_string}\"},\"query-input\":{\"@type\":\"PropertyValueSpecification\",\"valueRequired\":true,\"valueName\":\"search_term_string\"}}],\"inLanguage\":\"en-US\"},{\"@type\":\"Organization\",\"@id\":\"https:\\\/\\\/www.aubergegaspe.com\\\/#organization\",\"name\":\"Auberge Griffon Aventure\",\"url\":\"https:\\\/\\\/www.aubergegaspe.com\\\/\",\"logo\":{\"@type\":\"ImageObject\",\"inLanguage\":\"en-US\",\"@id\":\"https:\\\/\\\/www.aubergegaspe.com\\\/#\\\/schema\\\/logo\\\/image\\\/\",\"url\":\"https:\\\/\\\/www.aubergegaspe.com\\\/wp-content\\\/uploads\\\/2023\\\/10\\\/cropped-logo-1.png\",\"contentUrl\":\"https:\\\/\\\/www.aubergegaspe.com\\\/wp-content\\\/uploads\\\/2023\\\/10\\\/cropped-logo-1.png\",\"width\":190,\"height\":190,\"caption\":\"Auberge Griffon Aventure\"},\"image\":{\"@id\":\"https:\\\/\\\/www.aubergegaspe.com\\\/#\\\/schema\\\/logo\\\/image\\\/\"},\"sameAs\":[\"https:\\\/\\\/www.facebook.com\\\/griffonaventure\",\"https:\\\/\\\/www.instagram.com\\\/griffonaventure\"]}]}<\/script>\n<!-- \/ Yoast SEO plugin. -->","yoast_head_json":{"title":"Your Stay | Relaxation & Discovery | Auberge Griffon Aventure","description":"Enjoy bar service, sea access, a communal kitchen, free WiFi, and fun games at Griffon Aventure. Relax with hammocks, a fire pit, and breathtaking views!","robots":{"index":"index","follow":"follow","max-snippet":"max-snippet:-1","max-image-preview":"max-image-preview:large","max-video-preview":"max-video-preview:-1"},"canonical":"https:\/\/www.aubergegaspe.com\/en\/life-at-the-auberge\/services\/","og_locale":"en_US","og_type":"article","og_title":"Your Stay | Relaxation & Discovery | Auberge Griffon Aventure","og_description":"Enjoy bar service, sea access, a communal kitchen, free WiFi, and fun games at Griffon Aventure. Relax with hammocks, a fire pit, and breathtaking views!","og_url":"https:\/\/www.aubergegaspe.com\/en\/life-at-the-auberge\/services\/","og_site_name":"Auberge Griffon Aventure","article_publisher":"https:\/\/www.facebook.com\/griffonaventure","article_modified_time":"2025-07-14T18:30:46+00:00","og_image":[{"width":1600,"height":1200,"url":"https:\/\/www.aubergegaspe.com\/wp-content\/uploads\/2022\/04\/gang.jpg","type":"image\/jpeg"}],"twitter_card":"summary_large_image","twitter_misc":{"Est. reading time":"1 minute"},"schema":{"@context":"https:\/\/schema.org","@graph":[{"@type":"WebPage","@id":"https:\/\/www.aubergegaspe.com\/en\/life-at-the-auberge\/services\/","url":"https:\/\/www.aubergegaspe.com\/en\/life-at-the-auberge\/services\/","name":"Your Stay | Relaxation & Discovery | Auberge Griffon Aventure","isPartOf":{"@id":"https:\/\/www.aubergegaspe.com\/#website"},"primaryImageOfPage":{"@id":"https:\/\/www.aubergegaspe.com\/en\/life-at-the-auberge\/services\/#primaryimage"},"image":{"@id":"https:\/\/www.aubergegaspe.com\/en\/life-at-the-auberge\/services\/#primaryimage"},"thumbnailUrl":"https:\/\/www.aubergegaspe.com\/wp-content\/uploads\/2022\/04\/gang.jpg","datePublished":"2022-04-13T13:46:57+00:00","dateModified":"2025-07-14T18:30:46+00:00","description":"Enjoy bar service, sea access, a communal kitchen, free WiFi, and fun games at Griffon Aventure. Relax with hammocks, a fire pit, and breathtaking views!","breadcrumb":{"@id":"https:\/\/www.aubergegaspe.com\/en\/life-at-the-auberge\/services\/#breadcrumb"},"inLanguage":"en-US","potentialAction":[{"@type":"ReadAction","target":["https:\/\/www.aubergegaspe.com\/en\/life-at-the-auberge\/services\/"]}]},{"@type":"ImageObject","inLanguage":"en-US","@id":"https:\/\/www.aubergegaspe.com\/en\/life-at-the-auberge\/services\/#primaryimage","url":"https:\/\/www.aubergegaspe.com\/wp-content\/uploads\/2022\/04\/gang.jpg","contentUrl":"https:\/\/www.aubergegaspe.com\/wp-content\/uploads\/2022\/04\/gang.jpg","width":1600,"height":1200,"caption":"Un groupe de personnes c\u00e9l\u00e9brant un moment de convivialit\u00e9, sous un ciel bleu, accompagn\u00e9 d\u2019un chien."},{"@type":"BreadcrumbList","@id":"https:\/\/www.aubergegaspe.com\/en\/life-at-the-auberge\/services\/#breadcrumb","itemListElement":[{"@type":"ListItem","position":1,"name":"Accueil","item":"https:\/\/www.aubergegaspe.com\/en\/"},{"@type":"ListItem","position":2,"name":"Life at the auberge","item":"https:\/\/www.aubergegaspe.com\/en\/life-at-the-auberge\/"},{"@type":"ListItem","position":3,"name":"Services"}]},{"@type":"WebSite","@id":"https:\/\/www.aubergegaspe.com\/#website","url":"https:\/\/www.aubergegaspe.com\/","name":"Auberge Griffon Aventure","description":"H\u00e9bergement et activit\u00e9s de plein air","publisher":{"@id":"https:\/\/www.aubergegaspe.com\/#organization"},"potentialAction":[{"@type":"SearchAction","target":{"@type":"EntryPoint","urlTemplate":"https:\/\/www.aubergegaspe.com\/?s={search_term_string}"},"query-input":{"@type":"PropertyValueSpecification","valueRequired":true,"valueName":"search_term_string"}}],"inLanguage":"en-US"},{"@type":"Organization","@id":"https:\/\/www.aubergegaspe.com\/#organization","name":"Auberge Griffon Aventure","url":"https:\/\/www.aubergegaspe.com\/","logo":{"@type":"ImageObject","inLanguage":"en-US","@id":"https:\/\/www.aubergegaspe.com\/#\/schema\/logo\/image\/","url":"https:\/\/www.aubergegaspe.com\/wp-content\/uploads\/2023\/10\/cropped-logo-1.png","contentUrl":"https:\/\/www.aubergegaspe.com\/wp-content\/uploads\/2023\/10\/cropped-logo-1.png","width":190,"height":190,"caption":"Auberge Griffon Aventure"},"image":{"@id":"https:\/\/www.aubergegaspe.com\/#\/schema\/logo\/image\/"},"sameAs":["https:\/\/www.facebook.com\/griffonaventure","https:\/\/www.instagram.com\/griffonaventure"]}]}},"_links":{"self":[{"href":"https:\/\/www.aubergegaspe.com\/en\/wp-json\/wp\/v2\/pages\/671","targetHints":{"allow":["GET"]}}],"collection":[{"href":"https:\/\/www.aubergegaspe.com\/en\/wp-json\/wp\/v2\/pages"}],"about":[{"href":"https:\/\/www.aubergegaspe.com\/en\/wp-json\/wp\/v2\/types\/page"}],"author":[{"embeddable":true,"href":"https:\/\/www.aubergegaspe.com\/en\/wp-json\/wp\/v2\/users\/1"}],"replies":[{"embeddable":true,"href":"https:\/\/www.aubergegaspe.com\/en\/wp-json\/wp\/v2\/comments?post=671"}],"version-history":[{"count":0,"href":"https:\/\/www.aubergegaspe.com\/en\/wp-json\/wp\/v2\/pages\/671\/revisions"}],"up":[{"embeddable":true,"href":"https:\/\/www.aubergegaspe.com\/en\/wp-json\/wp\/v2\/pages\/655"}],"wp:featuredmedia":[{"embeddable":true,"href":"https:\/\/www.aubergegaspe.com\/en\/wp-json\/wp\/v2\/media\/538"}],"wp:attachment":[{"href":"https:\/\/www.aubergegaspe.com\/en\/wp-json\/wp\/v2\/media?parent=671"}],"curies":[{"name":"wp","href":"https:\/\/api.w.org\/{rel}","templated":true}]}}